{"id":367,"date":"2026-03-01T02:50:40","date_gmt":"2026-03-01T01:50:40","guid":{"rendered":"https:\/\/waszyngtona14.pl\/?page_id=367"},"modified":"2026-03-01T02:56:41","modified_gmt":"2026-03-01T01:56:41","slug":"kontakt","status":"publish","type":"page","link":"https:\/\/waszyngtona14.pl\/index.php\/kontakt\/","title":{"rendered":"Kontakt"},"content":{"rendered":"\t\t<div data-elementor-type=\"wp-page\" data-elementor-id=\"367\" class=\"elementor elementor-367\">\n\t\t\t\t\t\t<section class=\"elementor-section elementor-top-section elementor-element elementor-element-2ef40e72 elementor-section-boxed elementor-section-height-default elementor-section-height-default\" data-id=\"2ef40e72\" data-element_type=\"section\" data-e-type=\"section\" data-settings=\"{&quot;background_background&quot;:&quot;slideshow&quot;,&quot;background_slideshow_gallery&quot;:[{&quot;id&quot;:57,&quot;url&quot;:&quot;https:\\\/\\\/waszyngtona14.pl\\\/wp-content\\\/uploads\\\/2026\\\/01\\\/007_taras-scaled.jpg&quot;},{&quot;id&quot;:82,&quot;url&quot;:&quot;https:\\\/\\\/waszyngtona14.pl\\\/wp-content\\\/uploads\\\/2026\\\/01\\\/006_wnetrze-scaled.jpg&quot;}],&quot;background_slideshow_slide_duration&quot;:3000,&quot;background_slideshow_loop&quot;:&quot;yes&quot;,&quot;background_slideshow_slide_transition&quot;:&quot;fade&quot;,&quot;background_slideshow_transition_duration&quot;:500}\">\n\t\t\t\t\t\t\t<div class=\"elementor-background-overlay\"><\/div>\n\t\t\t\t\t\t\t<div class=\"elementor-container elementor-column-gap-no\">\n\t\t\t\t\t<div class=\"elementor-column elementor-col-100 elementor-top-column elementor-element elementor-element-452a9e99\" data-id=\"452a9e99\" data-element_type=\"column\" data-e-type=\"column\">\n\t\t\t<div class=\"elementor-widget-wrap elementor-element-populated\">\n\t\t\t\t\t\t<div class=\"elementor-element elementor-element-f14c5c3 elementor-widget elementor-widget-spacer\" data-id=\"f14c5c3\" data-element_type=\"widget\" data-e-type=\"widget\" data-widget_type=\"spacer.default\">\n\t\t\t\t\t\t\t<div class=\"elementor-spacer\">\n\t\t\t<div class=\"elementor-spacer-inner\"><\/div>\n\t\t<\/div>\n\t\t\t\t\t\t<\/div>\n\t\t\t\t\t<\/div>\n\t\t<\/div>\n\t\t\t\t\t<\/div>\n\t\t<\/section>\n\t\t\t\t<section class=\"elementor-section elementor-top-section elementor-element elementor-element-50aa0f3f search-bar elementor-section-boxed elementor-section-height-default elementor-section-height-default\" data-id=\"50aa0f3f\" data-element_type=\"section\" data-e-type=\"section\" data-settings=\"{&quot;background_background&quot;:&quot;classic&quot;,&quot;animation&quot;:&quot;none&quot;}\">\n\t\t\t\t\t\t<div class=\"elementor-container elementor-column-gap-no\">\n\t\t\t\t\t<div class=\"elementor-column elementor-col-100 elementor-top-column elementor-element elementor-element-5fd6a86f\" data-id=\"5fd6a86f\" data-element_type=\"column\" data-e-type=\"column\">\n\t\t\t<div class=\"elementor-widget-wrap elementor-element-populated\">\n\t\t\t\t\t\t<div class=\"elementor-element elementor-element-3240e393 animated-slow elementor-invisible elementor-widget elementor-widget-heading\" data-id=\"3240e393\" data-element_type=\"widget\" data-e-type=\"widget\" data-settings=\"{&quot;_animation&quot;:&quot;fadeIn&quot;,&quot;_animation_delay&quot;:0}\" data-widget_type=\"heading.default\">\n\t\t\t\t\t<span class=\"elementor-heading-title elementor-size-default\">KONTAKT<\/span>\t\t\t\t<\/div>\n\t\t\t\t\t<\/div>\n\t\t<\/div>\n\t\t\t\t\t<\/div>\n\t\t<\/section>\n\t\t\t\t<section class=\"elementor-section elementor-top-section elementor-element elementor-element-718e805b animated-slow elementor-section-boxed elementor-section-height-default elementor-section-height-default elementor-invisible\" data-id=\"718e805b\" data-element_type=\"section\" data-e-type=\"section\" data-settings=\"{&quot;animation&quot;:&quot;fadeIn&quot;}\">\n\t\t\t\t\t\t<div class=\"elementor-container elementor-column-gap-narrow\">\n\t\t\t\t\t<div class=\"elementor-column elementor-col-100 elementor-top-column elementor-element elementor-element-6a55e48d elementor-invisible\" data-id=\"6a55e48d\" data-element_type=\"column\" data-e-type=\"column\" data-settings=\"{&quot;animation&quot;:&quot;fadeInLeft&quot;}\">\n\t\t\t<div class=\"elementor-widget-wrap elementor-element-populated\">\n\t\t\t\t\t\t<section class=\"elementor-section elementor-inner-section elementor-element elementor-element-16d22bde elementor-section-boxed elementor-section-height-default elementor-section-height-default\" data-id=\"16d22bde\" data-element_type=\"section\" data-e-type=\"section\" data-settings=\"{&quot;background_background&quot;:&quot;classic&quot;}\">\n\t\t\t\t\t\t<div class=\"elementor-container elementor-column-gap-no\">\n\t\t\t\t\t<div class=\"elementor-column elementor-col-100 elementor-inner-column elementor-element elementor-element-5b1da808\" data-id=\"5b1da808\" data-element_type=\"column\" data-e-type=\"column\">\n\t\t\t<div class=\"elementor-widget-wrap elementor-element-populated\">\n\t\t\t\t\t\t<div class=\"elementor-element elementor-element-5fb8b88b eael-team-align-centered elementor-widget elementor-widget-eael-team-member\" data-id=\"5fb8b88b\" data-element_type=\"widget\" data-e-type=\"widget\" data-widget_type=\"eael-team-member.default\">\n\t\t\t\t\t\n\n\t<div id=\"eael-team-member-5fb8b88b\" class=\"eael-team-item eael-team-members-simple \">\n\t\t<div class=\"eael-team-item-inner\">\n\t\t\t<div class=\"eael-team-image\">\n\t\t\t\t<figure>\n\t\t\t\t\t\t\t\t\t<\/figure>\n\t\t\t\t\n\t\t\t\t\n\t\t\t<\/div>\n\n\t\t\t<div class=\"eael-team-content\">\n\t\t\t\t<h2 class=\"eael-team-member-name\"><\/h2><h3 class=\"eael-team-member-position\">ZADZWO\u0143 \/ NAPISZ<\/h3>\n\t\t\t\t\t\t\t\t\t\t\t\t\t\t<p class=\"eael-team-text\"><\/p>\n\t\t\t\t\t\t\t<\/div>\n\t\t<\/div>\n\t<\/div>\n\t\t\t\t\t<\/div>\n\t\t\t\t<div class=\"elementor-element elementor-element-7a492da0 elementor-widget-divider--view-line elementor-widget elementor-widget-divider\" data-id=\"7a492da0\" data-element_type=\"widget\" data-e-type=\"widget\" data-widget_type=\"divider.default\">\n\t\t\t\t\t\t\t<div class=\"elementor-divider\">\n\t\t\t<span class=\"elementor-divider-separator\">\n\t\t\t\t\t\t<\/span>\n\t\t<\/div>\n\t\t\t\t\t\t<\/div>\n\t\t\t\t<div class=\"elementor-element elementor-element-2b06bd8b eael-dual-header-content-align-center elementor-widget elementor-widget-eael-dual-color-header\" data-id=\"2b06bd8b\" data-element_type=\"widget\" data-e-type=\"widget\" data-widget_type=\"eael-dual-color-header.default\">\n\t\t\t\t\t\t\t\t<div class=\"eael-dual-header\">\n\t\t\t\t<h2 class=\"title eael-dch-title\"><span class=\"eael-dch-title-text eael-dch-title-lead lead solid-color\">Email :<\/span> <span class=\"eael-dch-title-text\">kontakt@apinwestycje.pl<\/span><\/h2>\t\t\t<\/div>\n\n\t\t\t\t\t\t<\/div>\n\t\t\t\t<div class=\"elementor-element elementor-element-6928af36 eael-dual-header-content-align-center elementor-widget elementor-widget-eael-dual-color-header\" data-id=\"6928af36\" data-element_type=\"widget\" data-e-type=\"widget\" data-widget_type=\"eael-dual-color-header.default\">\n\t\t\t\t\t\t\t\t<div class=\"eael-dual-header\">\n\t\t\t\t<h2 class=\"title eael-dch-title\"><span class=\"eael-dch-title-text eael-dch-title-lead lead solid-color\">Telefon Ania:<\/span> <span class=\"eael-dch-title-text\">662-183-226<\/span><\/h2>\t\t\t<\/div>\n\n\t\t\t\t\t\t<\/div>\n\t\t\t\t<div class=\"elementor-element elementor-element-3175dba eael-dual-header-content-align-center elementor-widget elementor-widget-eael-dual-color-header\" data-id=\"3175dba\" data-element_type=\"widget\" data-e-type=\"widget\" data-widget_type=\"eael-dual-color-header.default\">\n\t\t\t\t\t\t\t\t<div class=\"eael-dual-header\">\n\t\t\t\t<h2 class=\"title eael-dch-title\"><span class=\"eael-dch-title-text eael-dch-title-lead lead solid-color\">Telefon \u0141ukasz:<\/span> <span class=\"eael-dch-title-text\">507-247-705<\/span><\/h2>\t\t\t<\/div>\n\n\t\t\t\t\t\t<\/div>\n\t\t\t\t<div class=\"elementor-element elementor-element-72d070bc elementor-align-center elementor-widget elementor-widget-button\" data-id=\"72d070bc\" data-element_type=\"widget\" data-e-type=\"widget\" data-widget_type=\"button.default\">\n\t\t\t\t\t\t\t\t\t\t<a class=\"elementor-button elementor-button-link elementor-size-md\" href=\"#\">\n\t\t\t\t\t\t<span class=\"elementor-button-content-wrapper\">\n\t\t\t\t\t\t\t\t\t<span class=\"elementor-button-text\">Wy\u015blij wiadomo\u015b\u0107<\/span>\n\t\t\t\t\t<\/span>\n\t\t\t\t\t<\/a>\n\t\t\t\t\t\t\t\t<\/div>\n\t\t\t\t\t<\/div>\n\t\t<\/div>\n\t\t\t\t\t<\/div>\n\t\t<\/section>\n\t\t\t\t\t<\/div>\n\t\t<\/div>\n\t\t\t\t\t<\/div>\n\t\t<\/section>\n\t\t\t\t<\/div>\n\t\t","protected":false},"excerpt":{"rendered":"<p>KONTAKT ZADZWO\u0143 \/ NAPISZ Email : kontakt@apinwestycje.pl Telefon Ania: 662-183-226 Telefon \u0141ukasz: 507-247-705 Wy\u015blij wiadomo\u015b\u0107<\/p>\n","protected":false},"author":1,"featured_media":0,"parent":0,"menu_order":0,"comment_status":"closed","ping_status":"closed","template":"elementor_header_footer","meta":{"_eb_attr":"","footnotes":""},"class_list":["post-367","page","type-page","status-publish","hentry"],"yoast_head":"<!-- This site is optimized with the Yoast SEO plugin v27.1.1 - https:\/\/yoast.com\/product\/yoast-seo-wordpress\/ -->\n<title>Kontakt | Waszyngtona 14<\/title>\n<meta name=\"robots\" content=\"index, follow, max-snippet:-1, max-image-preview:large, max-video-preview:-1\" \/>\n<link rel=\"canonical\" href=\"https:\/\/waszyngtona14.pl\/index.php\/kontakt\/\" \/>\n<meta property=\"og:locale\" content=\"pl_PL\" \/>\n<meta property=\"og:type\" content=\"article\" \/>\n<meta property=\"og:title\" content=\"Kontakt | Waszyngtona 14\" \/>\n<meta property=\"og:description\" content=\"KONTAKT ZADZWO\u0143 \/ NAPISZ Email : kontakt@apinwestycje.pl Telefon Ania: 662-183-226 Telefon \u0141ukasz: 507-247-705 Wy\u015blij wiadomo\u015b\u0107\" \/>\n<meta property=\"og:url\" content=\"https:\/\/waszyngtona14.pl\/index.php\/kontakt\/\" \/>\n<meta property=\"og:site_name\" content=\"Waszyngtona 14\" \/>\n<meta property=\"article:publisher\" content=\"https:\/\/www.facebook.com\/APinwestycje\" \/>\n<meta property=\"article:modified_time\" content=\"2026-03-01T01:56:41+00:00\" \/>\n<meta property=\"og:image\" content=\"https:\/\/waszyngtona14.pl\/wp-content\/uploads\/2026\/01\/003_front2-1-scaled.jpg\" \/>\n\t<meta property=\"og:image:width\" content=\"2048\" \/>\n\t<meta property=\"og:image:height\" content=\"2560\" \/>\n\t<meta property=\"og:image:type\" content=\"image\/jpeg\" \/>\n<meta name=\"twitter:card\" content=\"summary_large_image\" \/>\n<script type=\"application\/ld+json\" class=\"yoast-schema-graph\">{\"@context\":\"https:\/\/schema.org\",\"@graph\":[{\"@type\":\"WebPage\",\"@id\":\"https:\/\/waszyngtona14.pl\/index.php\/kontakt\/\",\"url\":\"https:\/\/waszyngtona14.pl\/index.php\/kontakt\/\",\"name\":\"Kontakt | Waszyngtona 14\",\"isPartOf\":{\"@id\":\"https:\/\/waszyngtona14.pl\/#website\"},\"datePublished\":\"2026-03-01T01:50:40+00:00\",\"dateModified\":\"2026-03-01T01:56:41+00:00\",\"breadcrumb\":{\"@id\":\"https:\/\/waszyngtona14.pl\/index.php\/kontakt\/#breadcrumb\"},\"inLanguage\":\"pl-PL\",\"potentialAction\":[{\"@type\":\"ReadAction\",\"target\":[\"https:\/\/waszyngtona14.pl\/index.php\/kontakt\/\"]}]},{\"@type\":\"BreadcrumbList\",\"@id\":\"https:\/\/waszyngtona14.pl\/index.php\/kontakt\/#breadcrumb\",\"itemListElement\":[{\"@type\":\"ListItem\",\"position\":1,\"name\":\"Strona g\u0142\u00f3wna\",\"item\":\"https:\/\/waszyngtona14.pl\/\"},{\"@type\":\"ListItem\",\"position\":2,\"name\":\"Kontakt\"}]},{\"@type\":\"WebSite\",\"@id\":\"https:\/\/waszyngtona14.pl\/#website\",\"url\":\"https:\/\/waszyngtona14.pl\/\",\"name\":\"Waszyngtona 14\",\"description\":\"Najlepsza lokalizacja w Gdyni\",\"publisher\":{\"@id\":\"https:\/\/waszyngtona14.pl\/#organization\"},\"potentialAction\":[{\"@type\":\"SearchAction\",\"target\":{\"@type\":\"EntryPoint\",\"urlTemplate\":\"https:\/\/waszyngtona14.pl\/?s={search_term_string}\"},\"query-input\":{\"@type\":\"PropertyValueSpecification\",\"valueRequired\":true,\"valueName\":\"search_term_string\"}}],\"inLanguage\":\"pl-PL\"},{\"@type\":\"Organization\",\"@id\":\"https:\/\/waszyngtona14.pl\/#organization\",\"name\":\"Waszyngtona 14\",\"url\":\"https:\/\/waszyngtona14.pl\/\",\"logo\":{\"@type\":\"ImageObject\",\"inLanguage\":\"pl-PL\",\"@id\":\"https:\/\/waszyngtona14.pl\/#\/schema\/logo\/image\/\",\"url\":\"https:\/\/waszyngtona14.pl\/wp-content\/uploads\/2026\/01\/003_front2-1-scaled.jpg\",\"contentUrl\":\"https:\/\/waszyngtona14.pl\/wp-content\/uploads\/2026\/01\/003_front2-1-scaled.jpg\",\"width\":2048,\"height\":2560,\"caption\":\"Waszyngtona 14\"},\"image\":{\"@id\":\"https:\/\/waszyngtona14.pl\/#\/schema\/logo\/image\/\"},\"sameAs\":[\"https:\/\/www.facebook.com\/APinwestycje\"]}]}<\/script>\n<!-- \/ Yoast SEO plugin. -->","yoast_head_json":{"title":"Kontakt | Waszyngtona 14","robots":{"index":"index","follow":"follow","max-snippet":"max-snippet:-1","max-image-preview":"max-image-preview:large","max-video-preview":"max-video-preview:-1"},"canonical":"https:\/\/waszyngtona14.pl\/index.php\/kontakt\/","og_locale":"pl_PL","og_type":"article","og_title":"Kontakt | Waszyngtona 14","og_description":"KONTAKT ZADZWO\u0143 \/ NAPISZ Email : kontakt@apinwestycje.pl Telefon Ania: 662-183-226 Telefon \u0141ukasz: 507-247-705 Wy\u015blij wiadomo\u015b\u0107","og_url":"https:\/\/waszyngtona14.pl\/index.php\/kontakt\/","og_site_name":"Waszyngtona 14","article_publisher":"https:\/\/www.facebook.com\/APinwestycje","article_modified_time":"2026-03-01T01:56:41+00:00","og_image":[{"width":2048,"height":2560,"url":"https:\/\/waszyngtona14.pl\/wp-content\/uploads\/2026\/01\/003_front2-1-scaled.jpg","type":"image\/jpeg"}],"twitter_card":"summary_large_image","schema":{"@context":"https:\/\/schema.org","@graph":[{"@type":"WebPage","@id":"https:\/\/waszyngtona14.pl\/index.php\/kontakt\/","url":"https:\/\/waszyngtona14.pl\/index.php\/kontakt\/","name":"Kontakt | Waszyngtona 14","isPartOf":{"@id":"https:\/\/waszyngtona14.pl\/#website"},"datePublished":"2026-03-01T01:50:40+00:00","dateModified":"2026-03-01T01:56:41+00:00","breadcrumb":{"@id":"https:\/\/waszyngtona14.pl\/index.php\/kontakt\/#breadcrumb"},"inLanguage":"pl-PL","potentialAction":[{"@type":"ReadAction","target":["https:\/\/waszyngtona14.pl\/index.php\/kontakt\/"]}]},{"@type":"BreadcrumbList","@id":"https:\/\/waszyngtona14.pl\/index.php\/kontakt\/#breadcrumb","itemListElement":[{"@type":"ListItem","position":1,"name":"Strona g\u0142\u00f3wna","item":"https:\/\/waszyngtona14.pl\/"},{"@type":"ListItem","position":2,"name":"Kontakt"}]},{"@type":"WebSite","@id":"https:\/\/waszyngtona14.pl\/#website","url":"https:\/\/waszyngtona14.pl\/","name":"Waszyngtona 14","description":"Najlepsza lokalizacja w Gdyni","publisher":{"@id":"https:\/\/waszyngtona14.pl\/#organization"},"potentialAction":[{"@type":"SearchAction","target":{"@type":"EntryPoint","urlTemplate":"https:\/\/waszyngtona14.pl\/?s={search_term_string}"},"query-input":{"@type":"PropertyValueSpecification","valueRequired":true,"valueName":"search_term_string"}}],"inLanguage":"pl-PL"},{"@type":"Organization","@id":"https:\/\/waszyngtona14.pl\/#organization","name":"Waszyngtona 14","url":"https:\/\/waszyngtona14.pl\/","logo":{"@type":"ImageObject","inLanguage":"pl-PL","@id":"https:\/\/waszyngtona14.pl\/#\/schema\/logo\/image\/","url":"https:\/\/waszyngtona14.pl\/wp-content\/uploads\/2026\/01\/003_front2-1-scaled.jpg","contentUrl":"https:\/\/waszyngtona14.pl\/wp-content\/uploads\/2026\/01\/003_front2-1-scaled.jpg","width":2048,"height":2560,"caption":"Waszyngtona 14"},"image":{"@id":"https:\/\/waszyngtona14.pl\/#\/schema\/logo\/image\/"},"sameAs":["https:\/\/www.facebook.com\/APinwestycje"]}]}},"_links":{"self":[{"href":"https:\/\/waszyngtona14.pl\/index.php\/wp-json\/wp\/v2\/pages\/367","targetHints":{"allow":["GET"]}}],"collection":[{"href":"https:\/\/waszyngtona14.pl\/index.php\/wp-json\/wp\/v2\/pages"}],"about":[{"href":"https:\/\/waszyngtona14.pl\/index.php\/wp-json\/wp\/v2\/types\/page"}],"author":[{"embeddable":true,"href":"https:\/\/waszyngtona14.pl\/index.php\/wp-json\/wp\/v2\/users\/1"}],"replies":[{"embeddable":true,"href":"https:\/\/waszyngtona14.pl\/index.php\/wp-json\/wp\/v2\/comments?post=367"}],"version-history":[{"count":4,"href":"https:\/\/waszyngtona14.pl\/index.php\/wp-json\/wp\/v2\/pages\/367\/revisions"}],"predecessor-version":[{"id":371,"href":"https:\/\/waszyngtona14.pl\/index.php\/wp-json\/wp\/v2\/pages\/367\/revisions\/371"}],"wp:attachment":[{"href":"https:\/\/waszyngtona14.pl\/index.php\/wp-json\/wp\/v2\/media?parent=367"}],"curies":[{"name":"wp","href":"https:\/\/api.w.org\/{rel}","templated":true}]}}